{"id":9,"date":"2026-04-16T07:57:51","date_gmt":"2026-04-16T07:57:51","guid":{"rendered":"https:\/\/juliogalan.es\/?page_id=9"},"modified":"2026-04-24T10:05:54","modified_gmt":"2026-04-24T10:05:54","slug":"aviso-legal","status":"publish","type":"page","link":"https:\/\/juliogalan.es\/?page_id=9","title":{"rendered":"Aviso Legal"},"content":{"rendered":"\t\t<div data-elementor-type=\"wp-page\" data-elementor-id=\"9\" class=\"elementor elementor-9\" data-elementor-post-type=\"page\">\n\t\t\t\t<div class=\"elementor-element elementor-element-57ebd77f e-flex e-con-boxed e-con e-parent\" data-id=\"57ebd77f\" data-element_type=\"container\" data-e-type=\"container\">\n\t\t\t\t\t<div class=\"e-con-inner\">\n\t\t\t\t<div class=\"elementor-element elementor-element-6e75e48f elementor-widget elementor-widget-text-editor\" data-id=\"6e75e48f\" data-element_type=\"widget\" data-e-type=\"widget\" data-widget_type=\"text-editor.default\">\n\t\t\t\t\t\t\t\t\t<h3 data-section-id=\"1ie99jb\" data-start=\"0\" data-end=\"15\">AVISO LEGAL<\/h3><p data-start=\"17\" data-end=\"81\"><strong data-start=\"17\" data-end=\"81\">LEY DE LOS SERVICIOS DE LA SOCIEDAD DE LA INFORMACI\u00d3N (LSSI)<\/strong><\/p><p data-start=\"83\" data-end=\"541\">VINILART SL, responsable del sitio web, en adelante RESPONSABLE, pone a disposici\u00f3n de los usuarios el presente documento, con el que pretende dar cumplimiento a las obligaciones dispuestas en la Ley 34\/2002, de 11 de julio, de Servicios de la Sociedad de la Informaci\u00f3n y de Comercio Electr\u00f3nico (LSSICE), BOE N.\u00ba 166, as\u00ed como informar a todos los usuarios del sitio web respecto a cu\u00e1les son las condiciones de uso.<\/p><p data-start=\"543\" data-end=\"777\">Toda persona que acceda a este sitio web asume el papel de usuario, comprometi\u00e9ndose a la observancia y cumplimiento riguroso de las disposiciones aqu\u00ed dispuestas, as\u00ed como a cualquier otra disposici\u00f3n legal que fuera de aplicaci\u00f3n.<\/p><p data-start=\"779\" data-end=\"1069\">VINILART SL se reserva el derecho de modificar cualquier tipo de informaci\u00f3n que pudiera aparecer en el sitio web, sin que exista obligaci\u00f3n de preavisar o poner en conocimiento de los usuarios dichas obligaciones, entendi\u00e9ndose como suficiente la publicaci\u00f3n en el sitio web juliogalan.es.<\/p><h4 data-start=\"1071\" data-end=\"1100\">1. DATOS IDENTIFICATIVOS<\/h4><ul data-start=\"1102\" data-end=\"1387\"><li data-section-id=\"1albzet\" data-start=\"1102\" data-end=\"1138\">Nombre de dominio: juliogalan.es<\/li><li data-section-id=\"1tn4yl2\" data-start=\"1139\" data-end=\"1172\">Nombre comercial: VINILART SL<\/li><li data-section-id=\"1aazol5\" data-start=\"1173\" data-end=\"1209\">Denominaci\u00f3n social: VINILART SL<\/li><li data-section-id=\"1sa4g3c\" data-start=\"1210\" data-end=\"1228\">NIF: B47378732<\/li><li data-section-id=\"gxe8qt\" data-start=\"1229\" data-end=\"1322\">Domicilio social: CALLE ARCO DE LADRILLO 64 &#8211; 2\u00ba OFICINA 2, 47008, VALLADOLID, VALLADOLID<\/li><li data-section-id=\"hu0cut\" data-start=\"1323\" data-end=\"1346\">Tel\u00e9fono: 691683899<\/li><li data-section-id=\"1lnckbr\" data-start=\"1347\" data-end=\"1387\">E-mail: <a class=\"decorated-link cursor-pointer\" rel=\"noopener\" data-start=\"1357\" data-end=\"1385\">JULIOGALANESCULTOR@GMAIL.COM<\/a><\/li><\/ul><h4 data-start=\"1389\" data-end=\"1443\">2. DERECHOS DE PROPIEDAD INTELECTUAL E INDUSTRIAL<\/h4><p data-start=\"1445\" data-end=\"1760\">El sitio web, incluyendo a t\u00edtulo enunciativo pero no limitativo su programaci\u00f3n, edici\u00f3n, compilaci\u00f3n y dem\u00e1s elementos necesarios para su funcionamiento, los dise\u00f1os, logotipos, texto y\/o gr\u00e1ficos, son propiedad del RESPONSABLE o dispone de licencia o autorizaci\u00f3n expresa.<\/p><p data-start=\"1762\" data-end=\"1834\">Queda prohibida la reproducci\u00f3n total o parcial sin autorizaci\u00f3n previa.<\/p><h4 data-start=\"1836\" data-end=\"1873\">3. EXENCI\u00d3N DE RESPONSABILIDADES<\/h4><p data-start=\"1875\" data-end=\"2021\">El RESPONSABLE no se hace responsable de la informaci\u00f3n manipulada por terceros ni de contenidos externos.<\/p><p data-start=\"2023\" data-end=\"2104\">El sitio web puede utilizar cookies t\u00e9cnicas necesarias para su funcionamiento.<\/p><h4 data-start=\"2106\" data-end=\"2142\">4. LEY APLICABLE Y JURISDICCI\u00d3N<\/h4><p data-start=\"2144\" data-end=\"2322\">La relaci\u00f3n se regir\u00e1 por la legislaci\u00f3n espa\u00f1ola, siendo competentes los Juzgados y Tribunales correspondientes al domicilio del usuario.<\/p><hr data-start=\"2325\" data-end=\"2328\" \/><h3 data-section-id=\"12ajfht\" data-start=\"2330\" data-end=\"2353\">POL\u00cdTICA DE COOKIES<\/h3><p data-start=\"2355\" data-end=\"2532\">Las cookies son herramientas que permiten almacenar y recuperar informaci\u00f3n sobre los usuarios para mejorar la experiencia de navegaci\u00f3n.<\/p><h4 data-start=\"2534\" data-end=\"2555\">TIPOS DE COOKIES<\/h4><ul data-start=\"2557\" data-end=\"2738\"><li data-section-id=\"1jsr2is\" data-start=\"2557\" data-end=\"2604\">T\u00e9cnicas: necesarias para el funcionamiento<\/li><li data-section-id=\"1hu5v4q\" data-start=\"2605\" data-end=\"2642\">Anal\u00edticas: permiten medir el uso<\/li><li data-section-id=\"jr6zfz\" data-start=\"2643\" data-end=\"2694\">Publicitarias: gestionan espacios publicitarios<\/li><li data-section-id=\"18fa6jo\" data-start=\"2695\" data-end=\"2738\">Comportamentales: personalizan anuncios<\/li><\/ul><h4 data-start=\"2740\" data-end=\"2765\">TRATAMIENTO DE DATOS<\/h4><ul data-start=\"2767\" data-end=\"2932\"><li data-section-id=\"1i6pdea\" data-start=\"2767\" data-end=\"2795\">Responsable: VINILART SL<\/li><li data-section-id=\"1orwzp\" data-start=\"2796\" data-end=\"2834\">Finalidad: seg\u00fan el uso de cookies<\/li><li data-section-id=\"e30xvv\" data-start=\"2835\" data-end=\"2879\">Legitimaci\u00f3n: consentimiento del usuario<\/li><li data-section-id=\"ucx3la\" data-start=\"2880\" data-end=\"2932\">Derechos: acceso, rectificaci\u00f3n, supresi\u00f3n, etc.<\/li><\/ul><p data-start=\"2934\" data-end=\"3082\">Direcci\u00f3n: CALLE ARCO DE LADRILLO 64 &#8211; 2\u00ba OFICINA 2, 47008, VALLADOLID<br data-start=\"3004\" data-end=\"3007\" \/>Email: <a class=\"decorated-link cursor-pointer\" rel=\"noopener\" data-start=\"3014\" data-end=\"3042\">JULIOGALANESCULTOR@GMAIL.COM<\/a><\/p><hr data-start=\"3084\" data-end=\"3087\" \/><h3 data-section-id=\"1alqij5\" data-start=\"3089\" data-end=\"3115\">POL\u00cdTICA DE PRIVACIDAD<\/h3><h4 data-start=\"3117\" data-end=\"3147\">1. INFORMACI\u00d3N AL USUARIO<\/h4><p data-start=\"3149\" data-end=\"3229\">Responsable del tratamiento: VINILART SL<\/p><h4 data-start=\"3231\" data-end=\"3265\">\u00bfPara qu\u00e9 tratamos tus datos?<\/h4><ul data-start=\"3267\" data-end=\"3399\"><li data-section-id=\"11c8hko\" data-start=\"3267\" data-end=\"3290\">Gestionar consultas<\/li><li data-section-id=\"mhkx0\" data-start=\"3291\" data-end=\"3328\">Enviar comunicaciones comerciales<\/li><li data-section-id=\"1cxglwr\" data-start=\"3329\" data-end=\"3363\">Realizar an\u00e1lisis estad\u00edsticos<\/li><li data-section-id=\"1e9ko79\" data-start=\"3364\" data-end=\"3399\">Gestionar servicios solicitados<\/li><\/ul><h4 data-start=\"3401\" data-end=\"3418\">LEGITIMACI\u00d3N<\/h4><ul data-start=\"3420\" data-end=\"3471\"><li data-section-id=\"139fd5c\" data-start=\"3420\" data-end=\"3450\">Consentimiento del usuario<\/li><li data-section-id=\"dtq4ne\" data-start=\"3451\" data-end=\"3471\">Inter\u00e9s leg\u00edtimo<\/li><\/ul><h4 data-start=\"3473\" data-end=\"3499\">CONSERVACI\u00d3N DE DATOS<\/h4><p data-start=\"3501\" data-end=\"3562\">Se conservar\u00e1n mientras exista relaci\u00f3n o obligaci\u00f3n legal.<\/p><h4 data-start=\"3564\" data-end=\"3582\">DESTINATARIOS<\/h4><p data-start=\"3584\" data-end=\"3638\">No se ceden datos a terceros salvo obligaci\u00f3n legal.<\/p><h4 data-start=\"3640\" data-end=\"3653\">DERECHOS<\/h4><ul data-start=\"3655\" data-end=\"3728\"><li data-section-id=\"1fhetdc\" data-start=\"3655\" data-end=\"3665\">Acceso<\/li><li data-section-id=\"mtnxbv\" data-start=\"3666\" data-end=\"3683\">Rectificaci\u00f3n<\/li><li data-section-id=\"11eu58u\" data-start=\"3684\" data-end=\"3697\">Supresi\u00f3n<\/li><li data-section-id=\"1jlf8b9\" data-start=\"3698\" data-end=\"3711\">Oposici\u00f3n<\/li><li data-section-id=\"2c3vbz\" data-start=\"3712\" data-end=\"3728\">Portabilidad<\/li><\/ul><p data-start=\"3730\" data-end=\"3905\">Puedes ejercerlos en:<br data-start=\"3751\" data-end=\"3754\" \/>VINILART SL<br data-start=\"3765\" data-end=\"3768\" \/>CALLE ARCO DE LADRILLO 64 &#8211; 2\u00ba OFICINA 2, 47008, VALLADOLID<br data-start=\"3827\" data-end=\"3830\" \/>Email: <a class=\"decorated-link cursor-pointer\" rel=\"noopener\" data-start=\"3837\" data-end=\"3865\">JULIOGALANESCULTOR@GMAIL.COM<\/a><\/p><h4 data-start=\"3907\" data-end=\"3948\">2. CAR\u00c1CTER OBLIGATORIO DE LOS DATOS<\/h4><p data-start=\"3950\" data-end=\"4066\">Los datos solicitados son necesarios para prestar el servicio correctamente.<\/p><h4 data-start=\"4068\" data-end=\"4096\">3. MEDIDAS DE SEGURIDAD<\/h4><p data-start=\"4098\" data-end=\"4231\" data-is-last-node=\"\" data-is-only-node=\"\">El RESPONSABLE cumple con RGPD y LOPDGDD, garantizando la protecci\u00f3n de los datos personales.<\/p>\t\t\t\t\t\t\t\t<\/div>\n\t\t\t\t\t<\/div>\n\t\t\t\t<\/div>\n\t\t\t\t<\/div>\n\t\t","protected":false},"excerpt":{"rendered":"<p>AVISO LEGAL LEY DE LOS SERVICIOS DE LA SOCIEDAD DE LA INFORMACI\u00d3N (LSSI) VINILART SL, responsable del sitio web, en adelante RESPONSABLE, pone a disposici\u00f3n de los usuarios el presente documento, con el que pretende dar cumplimiento a las obligaciones dispuestas en la Ley 34\/2002, de 11 de julio, de Servicios de la Sociedad de [&hellip;]<\/p>\n","protected":false},"author":1,"featured_media":0,"parent":0,"menu_order":0,"comment_status":"closed","ping_status":"closed","template":"","meta":{"_angie_page":false,"footnotes":""},"class_list":["post-9","page","type-page","status-publish","hentry"],"yoast_head":"<!-- This site is optimized with the Yoast SEO plugin v27.4 - https:\/\/yoast.com\/product\/yoast-seo-wordpress\/ -->\n<title>Aviso Legal - Pink Unicorn<\/title>\n<meta name=\"robots\" content=\"index, follow, max-snippet:-1, max-image-preview:large, max-video-preview:-1\" \/>\n<link rel=\"canonical\" href=\"https:\/\/juliogalan.es\/?page_id=9\" \/>\n<meta property=\"og:locale\" content=\"es_ES\" \/>\n<meta property=\"og:type\" content=\"article\" \/>\n<meta property=\"og:title\" content=\"Aviso Legal - Pink Unicorn\" \/>\n<meta property=\"og:description\" content=\"AVISO LEGAL LEY DE LOS SERVICIOS DE LA SOCIEDAD DE LA INFORMACI\u00d3N (LSSI) VINILART SL, responsable del sitio web, en adelante RESPONSABLE, pone a disposici\u00f3n de los usuarios el presente documento, con el que pretende dar cumplimiento a las obligaciones dispuestas en la Ley 34\/2002, de 11 de julio, de Servicios de la Sociedad de [&hellip;]\" \/>\n<meta property=\"og:url\" content=\"https:\/\/juliogalan.es\/?page_id=9\" \/>\n<meta property=\"og:site_name\" content=\"Pink Unicorn\" \/>\n<meta property=\"article:modified_time\" content=\"2026-04-24T10:05:54+00:00\" \/>\n<meta name=\"twitter:card\" content=\"summary_large_image\" \/>\n<meta name=\"twitter:label1\" content=\"Tiempo de lectura\" \/>\n\t<meta name=\"twitter:data1\" content=\"1 minuto\" \/>\n<script type=\"application\/ld+json\" class=\"yoast-schema-graph\">{\"@context\":\"https:\\\/\\\/schema.org\",\"@graph\":[{\"@type\":\"WebPage\",\"@id\":\"https:\\\/\\\/juliogalan.es\\\/?page_id=9\",\"url\":\"https:\\\/\\\/juliogalan.es\\\/?page_id=9\",\"name\":\"Aviso Legal - Pink Unicorn\",\"isPartOf\":{\"@id\":\"https:\\\/\\\/juliogalan.es\\\/#website\"},\"datePublished\":\"2026-04-16T07:57:51+00:00\",\"dateModified\":\"2026-04-24T10:05:54+00:00\",\"breadcrumb\":{\"@id\":\"https:\\\/\\\/juliogalan.es\\\/?page_id=9#breadcrumb\"},\"inLanguage\":\"es\",\"potentialAction\":[{\"@type\":\"ReadAction\",\"target\":[\"https:\\\/\\\/juliogalan.es\\\/?page_id=9\"]}]},{\"@type\":\"BreadcrumbList\",\"@id\":\"https:\\\/\\\/juliogalan.es\\\/?page_id=9#breadcrumb\",\"itemListElement\":[{\"@type\":\"ListItem\",\"position\":1,\"name\":\"Portada\",\"item\":\"https:\\\/\\\/juliogalan.es\\\/\"},{\"@type\":\"ListItem\",\"position\":2,\"name\":\"Aviso Legal\"}]},{\"@type\":\"WebSite\",\"@id\":\"https:\\\/\\\/juliogalan.es\\\/#website\",\"url\":\"https:\\\/\\\/juliogalan.es\\\/\",\"name\":\"Pink Unicorn\",\"description\":\"\",\"potentialAction\":[{\"@type\":\"SearchAction\",\"target\":{\"@type\":\"EntryPoint\",\"urlTemplate\":\"https:\\\/\\\/juliogalan.es\\\/?s={search_term_string}\"},\"query-input\":{\"@type\":\"PropertyValueSpecification\",\"valueRequired\":true,\"valueName\":\"search_term_string\"}}],\"inLanguage\":\"es\"}]}<\/script>\n<!-- \/ Yoast SEO plugin. -->","yoast_head_json":{"title":"Aviso Legal - Pink Unicorn","robots":{"index":"index","follow":"follow","max-snippet":"max-snippet:-1","max-image-preview":"max-image-preview:large","max-video-preview":"max-video-preview:-1"},"canonical":"https:\/\/juliogalan.es\/?page_id=9","og_locale":"es_ES","og_type":"article","og_title":"Aviso Legal - Pink Unicorn","og_description":"AVISO LEGAL LEY DE LOS SERVICIOS DE LA SOCIEDAD DE LA INFORMACI\u00d3N (LSSI) VINILART SL, responsable del sitio web, en adelante RESPONSABLE, pone a disposici\u00f3n de los usuarios el presente documento, con el que pretende dar cumplimiento a las obligaciones dispuestas en la Ley 34\/2002, de 11 de julio, de Servicios de la Sociedad de [&hellip;]","og_url":"https:\/\/juliogalan.es\/?page_id=9","og_site_name":"Pink Unicorn","article_modified_time":"2026-04-24T10:05:54+00:00","twitter_card":"summary_large_image","twitter_misc":{"Tiempo de lectura":"1 minuto"},"schema":{"@context":"https:\/\/schema.org","@graph":[{"@type":"WebPage","@id":"https:\/\/juliogalan.es\/?page_id=9","url":"https:\/\/juliogalan.es\/?page_id=9","name":"Aviso Legal - Pink Unicorn","isPartOf":{"@id":"https:\/\/juliogalan.es\/#website"},"datePublished":"2026-04-16T07:57:51+00:00","dateModified":"2026-04-24T10:05:54+00:00","breadcrumb":{"@id":"https:\/\/juliogalan.es\/?page_id=9#breadcrumb"},"inLanguage":"es","potentialAction":[{"@type":"ReadAction","target":["https:\/\/juliogalan.es\/?page_id=9"]}]},{"@type":"BreadcrumbList","@id":"https:\/\/juliogalan.es\/?page_id=9#breadcrumb","itemListElement":[{"@type":"ListItem","position":1,"name":"Portada","item":"https:\/\/juliogalan.es\/"},{"@type":"ListItem","position":2,"name":"Aviso Legal"}]},{"@type":"WebSite","@id":"https:\/\/juliogalan.es\/#website","url":"https:\/\/juliogalan.es\/","name":"Pink Unicorn","description":"","potentialAction":[{"@type":"SearchAction","target":{"@type":"EntryPoint","urlTemplate":"https:\/\/juliogalan.es\/?s={search_term_string}"},"query-input":{"@type":"PropertyValueSpecification","valueRequired":true,"valueName":"search_term_string"}}],"inLanguage":"es"}]}},"_links":{"self":[{"href":"https:\/\/juliogalan.es\/index.php?rest_route=\/wp\/v2\/pages\/9","targetHints":{"allow":["GET"]}}],"collection":[{"href":"https:\/\/juliogalan.es\/index.php?rest_route=\/wp\/v2\/pages"}],"about":[{"href":"https:\/\/juliogalan.es\/index.php?rest_route=\/wp\/v2\/types\/page"}],"author":[{"embeddable":true,"href":"https:\/\/juliogalan.es\/index.php?rest_route=\/wp\/v2\/users\/1"}],"replies":[{"embeddable":true,"href":"https:\/\/juliogalan.es\/index.php?rest_route=%2Fwp%2Fv2%2Fcomments&post=9"}],"version-history":[{"count":3,"href":"https:\/\/juliogalan.es\/index.php?rest_route=\/wp\/v2\/pages\/9\/revisions"}],"predecessor-version":[{"id":352,"href":"https:\/\/juliogalan.es\/index.php?rest_route=\/wp\/v2\/pages\/9\/revisions\/352"}],"wp:attachment":[{"href":"https:\/\/juliogalan.es\/index.php?rest_route=%2Fwp%2Fv2%2Fmedia&parent=9"}],"curies":[{"name":"wp","href":"https:\/\/api.w.org\/{rel}","templated":true}]}}